{"id":7,"date":"2015-11-16T18:03:30","date_gmt":"2015-11-16T18:03:30","guid":{"rendered":"https:\/\/www.cultivokiwis.com\/?page_id=7"},"modified":"2015-11-23T17:19:56","modified_gmt":"2015-11-23T17:19:56","slug":"projetos-agricultura","status":"publish","type":"page","link":"https:\/\/www.cultivokiwis.com\/?page_id=7","title":{"rendered":"Projetos agricultura"},"content":{"rendered":"<h2>Constru\u00e7\u00e3o de ferramentas ou utens\u00edlios espec\u00edficos<\/h2>\n<p>Se tem um <strong>projeto espec\u00edfico<\/strong> para agricultura,\u00a0<a href=\"https:\/\/www.cultivokiwis.com\/contactos\">informe-nos<\/a> e entraremos em contacto consigo. Estamos aptos para projetar outro tipo de estruturas, utens\u00edlios e\/ou construir outro tipo de <strong>estruturas para agricultura e cultivo<\/strong>.<\/p>\n<hr \/>\n<h2>Incentivos \u00e0 agricultura<\/h2>\n<p>Se tem <strong>terrenos<\/strong> que n\u00e3o utiliza, se acha que est\u00e1 na altura de dedicar-se a um <strong>projeto de cultivo<\/strong> com cabe\u00e7a, tronco e membros, conhe\u00e7a os apoios e incentivos de <strong>co-financiamento<\/strong> que lhe garantem o<strong> investimento que precisa<\/strong> para o seu projeto.<\/p>\n<p>H\u00e1 exig\u00eancias nacionais e europeias que cada candidatura tem de respeitar. H\u00e1\u00a0<a href=\"https:\/\/www.portugal2020.pt\/Portal2020\/Legislacao\" target=\"_blank\">normas gerais<\/a>\u00a0mas na gest\u00e3o das candidaturas h\u00e1 que ter em conta o Regulamento Geral dos FEEI e alguma regulamenta\u00e7\u00e3o espec\u00edfica, j\u00e1 que as verbas s\u00e3o um contributo para a concretiza\u00e7\u00e3o dos projetos mas n\u00e3o financiam a sua totalidade.<\/p>\n<p>Para formalizar uma candidatura pode contactar:<\/p>\n<p><a href=\"http:\/\/www.olive.pt\/pt\/candidaturas-portugal2020\/\" target=\"_blank\">Olive Multim\u00e9dia \u00ae &#8211; departamento servi\u00e7os de consultoria em projetos Portugal2020<\/a><\/p>\n<h5><strong>\u00a0&#8212; Projetos Jovem agricultor &#8212;<\/strong><\/h5>\n<p>O Portugal 2020 est\u00e1 dividido por regi\u00f5es em termos de distribui\u00e7\u00e3o dos v\u00e1rios fundos, a saber:<\/p>\n<ul>\n<li>regi\u00f5es menos desenvolvidas (PIB per capita &lt; 75% m\u00e9dia UE): Norte, Centro, Alentejo e A\u00e7ores); taxa de financiamento \u2013 85%.<\/li>\n<li>regi\u00f5es em transi\u00e7\u00e3o (PIB per capita entre 75% e 90%): Algarve) \u2013 taxa de financiamento 80%.<\/li>\n<li>regi\u00f5es mais desenvolvidas (PIB per capita &gt; 90%): Lisboa e Madeira); taxa de financiamento 50% (Lisboa) e 85% (Madeira).<\/li>\n<\/ul>\n<hr \/>\n<h2>Quem somos?<\/h2>\n<p>A Arma\u00e7\u00e3o para cultivo de kiwis \u00e9 fabricada pela <a href=\"http:\/\/www.escapeagueda.pt\" target=\"_blank\">Escape\u00e1gueda Lda<\/a><\/p>\n","protected":false},"excerpt":{"rendered":"<p>Constru\u00e7\u00e3o de ferramentas ou utens\u00edlios espec\u00edficos Se tem um projeto espec\u00edfico para agricultura,\u00a0informe-nos e entraremos em contacto consigo. Estamos aptos para projetar outro tipo de estruturas, utens\u00edlios e\/ou construir outro tipo de estruturas para agricultura e cultivo. Incentivos \u00e0 agricultura Se tem terrenos que n\u00e3o utiliza, se acha que est\u00e1 na altura de dedicar-se a [&hellip;]<\/p>\n","protected":false},"author":1,"featured_media":0,"parent":0,"menu_order":0,"comment_status":"closed","ping_status":"closed","template":"page-fullwidth.php","meta":[],"_links":{"self":[{"href":"https:\/\/www.cultivokiwis.com\/index.php?rest_route=\/wp\/v2\/pages\/7"}],"collection":[{"href":"https:\/\/www.cultivokiwis.com\/index.php?rest_route=\/wp\/v2\/pages"}],"about":[{"href":"https:\/\/www.cultivokiwis.com\/index.php?rest_route=\/wp\/v2\/types\/page"}],"author":[{"embeddable":true,"href":"https:\/\/www.cultivokiwis.com\/index.php?rest_route=\/wp\/v2\/users\/1"}],"replies":[{"embeddable":true,"href":"https:\/\/www.cultivokiwis.com\/index.php?rest_route=%2Fwp%2Fv2%2Fcomments&post=7"}],"version-history":[{"count":16,"href":"https:\/\/www.cultivokiwis.com\/index.php?rest_route=\/wp\/v2\/pages\/7\/revisions"}],"predecessor-version":[{"id":122,"href":"https:\/\/www.cultivokiwis.com\/index.php?rest_route=\/wp\/v2\/pages\/7\/revisions\/122"}],"wp:attachment":[{"href":"https:\/\/www.cultivokiwis.com\/index.php?rest_route=%2Fwp%2Fv2%2Fmedia&parent=7"}],"curies":[{"name":"wp","href":"https:\/\/api.w.org\/{rel}","templated":true}]}}