{"id":58,"date":"2015-11-19T11:56:00","date_gmt":"2015-11-19T11:56:00","guid":{"rendered":"https:\/\/www.cultivokiwis.com\/?page_id=58"},"modified":"2016-11-15T18:55:32","modified_gmt":"2016-11-15T18:55:32","slug":"detalhes-da-armacao","status":"publish","type":"page","link":"https:\/\/www.cultivokiwis.com\/?page_id=58","title":{"rendered":"Detalhes da arma\u00e7\u00e3o"},"content":{"rendered":"<h2><img decoding=\"async\" loading=\"lazy\" class=\"alignnone wp-image-142 size-full\" src=\"https:\/\/www.cultivokiwis.com\/wp-content\/uploads\/2015\/11\/armacao-cultivo-kiwis-montada.png\" alt=\"ARMA\u00c7\u00c3O PARA CULTIVO KIWIS MONTADA\" width=\"1110\" height=\"408\" srcset=\"https:\/\/www.cultivokiwis.com\/wp-content\/uploads\/2015\/11\/armacao-cultivo-kiwis-montada.png 1110w, https:\/\/www.cultivokiwis.com\/wp-content\/uploads\/2015\/11\/armacao-cultivo-kiwis-montada-300x110.png 300w, https:\/\/www.cultivokiwis.com\/wp-content\/uploads\/2015\/11\/armacao-cultivo-kiwis-montada-1024x376.png 1024w\" sizes=\"(max-width: 1110px) 100vw, 1110px\" \/><\/h2>\n<h2>A arma\u00e7\u00e3o definitiva para cultivo de kiwis, detalhes:<\/h2>\n<p style=\"text-align: justify;\">Fabrico de\u00a0<strong>arma\u00e7\u00f5es met\u00e1licas para cultivo de kiwis<\/strong>, adaptadas a\u00a0<strong>projetos agr\u00edcolas<\/strong>\u00a0de acordo com as especifica\u00e7\u00f5es e necessidades do cliente. Estamos vocacionados para apresentar solu\u00e7\u00f5es a pequenos e grandes produtores no desenvolvimento de\u00a0<a href=\"https:\/\/www.cultivokiwis.com\/projetos-agricultura\/\">agro-projetos<\/a>, assim como com empresas de projetos agr\u00edcolas como por exemplo cooperativas.<\/p>\n<p style=\"text-align: justify;\">Fabricamos uma estrutura simples e robusta por forma a dar\u00a0<strong>sustenta\u00e7\u00e3o ao fruto<\/strong>\u00a0de uma forma harmoniosa.<\/p>\n<p style=\"text-align: justify;\">O\u00a0<strong>acabamento em galvanizado<\/strong>\u00a0permite obter uma prote\u00e7\u00e3o duradoura.<\/p>\n<h3 style=\"text-align: justify;\">Exemplo de implementa\u00e7\u00e3o:<\/h3>\n\r\n\t\t<style type='text\/css'>\r\n\t\t\t#gallery-1 {\r\n\t\t\t\tmargin: auto;\r\n\t\t\t}\r\n\t\t\t#gallery-1 .gallery-item {\r\n\t\t\t\tfloat: left;\r\n\t\t\t\tmargin-top: 10px;\r\n\t\t\t\ttext-align: center;\r\n\t\t\t\twidth: 25%;\r\n\t\t\t}\r\n\t\t\t#gallery-1 img {\r\n\t\t\t\tborder: 2px solid #cfcfcf;\r\n\t\t\t}\r\n\t\t\t#gallery-1 .gallery-caption {\r\n\t\t\t\tmargin-left: 0;\r\n\t\t\t}\r\n\t\t<\/style>\r\n\t\t<!-- see gallery_shortcode() in wp-includes\/media.php -->\n\t\t<div id='gallery-1' class='gallery galleryid-58 gallery-columns-4 gallery-size-medium gallery1'><script type=\"text\/javascript\">\r\n\/\/ <![CDATA[\r\n\tjQuery(document).ready(function () {\r\n\t\tjQuery(\".gallery1 a\").attr(\"rel\",\"gallery1\");\t\r\n\t\tjQuery('a[rel=\"gallery1\"]').colorbox({maxWidth:\"95%\", maxHeight:\"95%\",title: function(){ return jQuery(this).children().attr(\"alt\"); }, });\r\n\t});\r\n\/\/ ]]>\r\n<\/script>\n<dl class=\"gallery-item\">\n<dt class=\"gallery-icon\">\r\n<a href=\"https:\/\/www.cultivokiwis.com\/wp-content\/uploads\/2015\/11\/armacao-cultivo-kiwis-1-1024x672.jpg\" title=\"\" rel=\"gallery1\"><img src=\"https:\/\/www.cultivokiwis.com\/wp-content\/uploads\/2015\/11\/armacao-cultivo-kiwis-1-300x197.jpg\" width=\"300\" height=\"197\" alt=\"fotos de arma\u00e7\u00e3o para kiwis\" \/><\/a>\r\n<\/dt><\/dl><dl class=\"gallery-item\">\n<dt class=\"gallery-icon\">\r\n<a href=\"https:\/\/www.cultivokiwis.com\/wp-content\/uploads\/2015\/11\/armacao-cultivo-kiwis-2-1024x672.jpg\" title=\"\" rel=\"gallery1\"><img src=\"https:\/\/www.cultivokiwis.com\/wp-content\/uploads\/2015\/11\/armacao-cultivo-kiwis-2-300x197.jpg\" width=\"300\" height=\"197\" alt=\"fotos de arma\u00e7\u00e3o para kiwis - terreno\" \/><\/a>\r\n<\/dt><\/dl><dl class=\"gallery-item\">\n<dt class=\"gallery-icon\">\r\n<a href=\"https:\/\/www.cultivokiwis.com\/wp-content\/uploads\/2015\/11\/armacao-cultivo-kiwis-3-1024x672.jpg\" title=\"\" rel=\"gallery1\"><img src=\"https:\/\/www.cultivokiwis.com\/wp-content\/uploads\/2015\/11\/armacao-cultivo-kiwis-3-300x197.jpg\" width=\"300\" height=\"197\" alt=\"fotos de arma\u00e7\u00e3o para kiwis - terreno\" \/><\/a>\r\n<\/dt><\/dl><dl class=\"gallery-item\">\n<dt class=\"gallery-icon\">\r\n<a href=\"https:\/\/www.cultivokiwis.com\/wp-content\/uploads\/2015\/11\/armacao-cultivo-kiwis-4-1024x672.jpg\" title=\"\" rel=\"gallery1\"><img src=\"https:\/\/www.cultivokiwis.com\/wp-content\/uploads\/2015\/11\/armacao-cultivo-kiwis-4-300x197.jpg\" width=\"300\" height=\"197\" alt=\"fotos de arma\u00e7\u00e3o para kiwis - pormenor\" \/><\/a>\r\n<\/dt><\/dl><br style=\"clear: both\" \/><dl class=\"gallery-item\">\n<dt class=\"gallery-icon\">\r\n<a href=\"https:\/\/www.cultivokiwis.com\/wp-content\/uploads\/2015\/11\/armacao-cultivo-kiwis-5-1024x672.jpg\" title=\"\" rel=\"gallery1\"><img src=\"https:\/\/www.cultivokiwis.com\/wp-content\/uploads\/2015\/11\/armacao-cultivo-kiwis-5-300x197.jpg\" width=\"300\" height=\"197\" alt=\"fotos de arma\u00e7\u00e3o para kiwis - pormenor\" \/><\/a>\r\n<\/dt><\/dl><dl class=\"gallery-item\">\n<dt class=\"gallery-icon\">\r\n<a href=\"https:\/\/www.cultivokiwis.com\/wp-content\/uploads\/2015\/11\/armacao-cultivo-kiwis-7-1024x672.jpg\" title=\"\" rel=\"gallery1\"><img src=\"https:\/\/www.cultivokiwis.com\/wp-content\/uploads\/2015\/11\/armacao-cultivo-kiwis-7-300x197.jpg\" width=\"300\" height=\"197\" alt=\"fotos de arma\u00e7\u00e3o para kiwis - pormenor\" \/><\/a>\r\n<\/dt><\/dl><dl class=\"gallery-item\">\n<dt class=\"gallery-icon\">\r\n<a href=\"https:\/\/www.cultivokiwis.com\/wp-content\/uploads\/2015\/11\/armacao-cultivo-kiwis-8-1024x672.jpg\" title=\"\" rel=\"gallery1\"><img src=\"https:\/\/www.cultivokiwis.com\/wp-content\/uploads\/2015\/11\/armacao-cultivo-kiwis-8-300x197.jpg\" width=\"300\" height=\"197\" alt=\"fotos de arma\u00e7\u00e3o para kiwis - perspectiva\" \/><\/a>\r\n<\/dt><\/dl><dl class=\"gallery-item\">\n<dt class=\"gallery-icon\">\r\n<a href=\"https:\/\/www.cultivokiwis.com\/wp-content\/uploads\/2015\/11\/IMGP0705a-1024x672.jpg\" title=\"\" rel=\"gallery1\"><img src=\"https:\/\/www.cultivokiwis.com\/wp-content\/uploads\/2015\/11\/IMGP0705a-300x197.jpg\" width=\"300\" height=\"197\" alt=\"\" \/><\/a>\r\n<\/dt><\/dl><br style=\"clear: both\" \/><dl class=\"gallery-item\">\n<dt class=\"gallery-icon\">\r\n<a href=\"https:\/\/www.cultivokiwis.com\/wp-content\/uploads\/2015\/11\/1-848x1024.jpg\" title=\"Pomar zona de Belazaima \u00c1gueda\" rel=\"gallery1\"><img src=\"https:\/\/www.cultivokiwis.com\/wp-content\/uploads\/2015\/11\/1-249x300.jpg\" width=\"249\" height=\"300\" alt=\"Pomar zona de Belazaima \u00c1gueda\" \/><\/a>\r\n<\/dt><dd class=\"gallery-caption\" id=\"caption162\"><span class=\"imagecaption\">Pomar zona de Belazaima \u00c1gueda<\/span><br \/>\n<\/dd><\/dl><dl class=\"gallery-item\">\n<dt class=\"gallery-icon\">\r\n<a href=\"https:\/\/www.cultivokiwis.com\/wp-content\/uploads\/2015\/11\/2-1-1024x468.jpg\" title=\"Pomar zona de Belazaima \u00c1gueda\" rel=\"gallery1\"><img src=\"https:\/\/www.cultivokiwis.com\/wp-content\/uploads\/2015\/11\/2-1-300x137.jpg\" width=\"300\" height=\"137\" alt=\"Pomar zona de Belazaima \u00c1gueda\" \/><\/a>\r\n<\/dt><dd class=\"gallery-caption\" id=\"caption163\"><span class=\"imagecaption\">Pomar zona de Belazaima \u00c1gueda<\/span><br \/>\n<\/dd><\/dl><dl class=\"gallery-item\">\n<dt class=\"gallery-icon\">\r\n<a href=\"https:\/\/www.cultivokiwis.com\/wp-content\/uploads\/2015\/11\/3-1-768x1024.jpg\" title=\"Pomar zona de Belazaima \u00c1gueda\" rel=\"gallery1\"><img src=\"https:\/\/www.cultivokiwis.com\/wp-content\/uploads\/2015\/11\/3-1-225x300.jpg\" width=\"225\" height=\"300\" alt=\"Pomar zona de Belazaima \u00c1gueda\" \/><\/a>\r\n<\/dt><dd class=\"gallery-caption\" id=\"caption164\"><span class=\"imagecaption\">Pomar zona de Belazaima \u00c1gueda<\/span><br \/>\n<\/dd><\/dl><dl class=\"gallery-item\">\n<dt class=\"gallery-icon\">\r\n<a href=\"https:\/\/www.cultivokiwis.com\/wp-content\/uploads\/2015\/11\/4-1-1024x768.jpg\" title=\"Pomar zona de Belazaima \u00c1gueda\" rel=\"gallery1\"><img src=\"https:\/\/www.cultivokiwis.com\/wp-content\/uploads\/2015\/11\/4-1-300x225.jpg\" width=\"300\" height=\"225\" alt=\"Pomar zona de Belazaima \u00c1gueda\" \/><\/a>\r\n<\/dt><dd class=\"gallery-caption\" id=\"caption165\"><span class=\"imagecaption\">Pomar zona de Belazaima \u00c1gueda<\/span><br \/>\n<\/dd><\/dl><br style=\"clear: both\" \/><dl class=\"gallery-item\">\n<dt class=\"gallery-icon\">\r\n<a href=\"https:\/\/www.cultivokiwis.com\/wp-content\/uploads\/2015\/11\/5-1-1024x768.jpg\" title=\"Pomar zona de Belazaima \u00c1gueda\" rel=\"gallery1\"><img src=\"https:\/\/www.cultivokiwis.com\/wp-content\/uploads\/2015\/11\/5-1-300x225.jpg\" width=\"300\" height=\"225\" alt=\"Pomar zona de Belazaima \u00c1gueda\" \/><\/a>\r\n<\/dt><dd class=\"gallery-caption\" id=\"caption166\"><span class=\"imagecaption\">Pomar zona de Belazaima \u00c1gueda<\/span><br \/>\n<\/dd><\/dl><dl class=\"gallery-item\">\n<dt class=\"gallery-icon\">\r\n<a href=\"https:\/\/www.cultivokiwis.com\/wp-content\/uploads\/2015\/11\/6-1-1024x549.jpg\" title=\"Pomar zona de Belazaima \u00c1gueda\" rel=\"gallery1\"><img src=\"https:\/\/www.cultivokiwis.com\/wp-content\/uploads\/2015\/11\/6-1-300x161.jpg\" width=\"300\" height=\"161\" alt=\"Pomar zona de Belazaima \u00c1gueda\" \/><\/a>\r\n<\/dt><dd class=\"gallery-caption\" id=\"caption167\"><span class=\"imagecaption\">Pomar zona de Belazaima \u00c1gueda<\/span><br \/>\n<\/dd><\/dl><dl class=\"gallery-item\">\n<dt class=\"gallery-icon\">\r\n<a href=\"https:\/\/www.cultivokiwis.com\/wp-content\/uploads\/2015\/11\/7-1-1024x672.jpg\" title=\"Pomar zona de Belazaima \u00c1gueda\" rel=\"gallery1\"><img src=\"https:\/\/www.cultivokiwis.com\/wp-content\/uploads\/2015\/11\/7-1-300x197.jpg\" width=\"300\" height=\"197\" alt=\"Pomar zona de Belazaima \u00c1gueda\" \/><\/a>\r\n<\/dt><dd class=\"gallery-caption\" id=\"caption168\"><span class=\"imagecaption\">Pomar zona de Belazaima \u00c1gueda<\/span><br \/>\n<\/dd><\/dl><dl class=\"gallery-item\">\n<dt class=\"gallery-icon\">\r\n<a href=\"https:\/\/www.cultivokiwis.com\/wp-content\/uploads\/2015\/11\/8-1-1024x619.jpg\" title=\"Pomar zona de Belazaima \u00c1gueda\" rel=\"gallery1\"><img src=\"https:\/\/www.cultivokiwis.com\/wp-content\/uploads\/2015\/11\/8-1-300x181.jpg\" width=\"300\" height=\"181\" alt=\"Pomar zona de Belazaima \u00c1gueda\" \/><\/a>\r\n<\/dt><dd class=\"gallery-caption\" id=\"caption169\"><span class=\"imagecaption\">Pomar zona de Belazaima \u00c1gueda<\/span><br \/>\n<\/dd><\/dl><br style=\"clear: both\" \/>\r\n\t\t<\/div>\n\n<h3>Esquemas e montagem:<\/h3>\n\r\n\t\t<style type='text\/css'>\r\n\t\t\t#gallery-2 {\r\n\t\t\t\tmargin: auto;\r\n\t\t\t}\r\n\t\t\t#gallery-2 .gallery-item {\r\n\t\t\t\tfloat: left;\r\n\t\t\t\tmargin-top: 10px;\r\n\t\t\t\ttext-align: center;\r\n\t\t\t\twidth: 25%;\r\n\t\t\t}\r\n\t\t\t#gallery-2 img {\r\n\t\t\t\tborder: 2px solid #cfcfcf;\r\n\t\t\t}\r\n\t\t\t#gallery-2 .gallery-caption {\r\n\t\t\t\tmargin-left: 0;\r\n\t\t\t}\r\n\t\t<\/style>\r\n\t\t<!-- see gallery_shortcode() in wp-includes\/media.php -->\n\t\t<div id='gallery-2' class='gallery galleryid-58 gallery-columns-4 gallery-size-thumbnail gallery1'><script type=\"text\/javascript\">\r\n\/\/ <![CDATA[\r\n\tjQuery(document).ready(function () {\r\n\t\tjQuery(\".gallery1 a\").attr(\"rel\",\"gallery1\");\t\r\n\t\tjQuery('a[rel=\"gallery1\"]').colorbox({maxWidth:\"95%\", maxHeight:\"95%\",title: function(){ return jQuery(this).children().attr(\"alt\"); }, });\r\n\t});\r\n\/\/ ]]>\r\n<\/script>\n<dl class=\"gallery-item\">\n<dt class=\"gallery-icon\">\r\n<a href=\"https:\/\/www.cultivokiwis.com\/wp-content\/uploads\/2015\/11\/arm_topo.jpg\" title=\"arma\u00e7\u00e3o de topo\" rel=\"gallery1\"><img src=\"https:\/\/www.cultivokiwis.com\/wp-content\/uploads\/2015\/11\/arm_topo-150x150.jpg\" width=\"150\" height=\"150\" alt=\"arma\u00e7\u00e3o de topo\" \/><\/a>\r\n<\/dt><dd class=\"gallery-caption\" id=\"caption150\"><span class=\"imagecaption\">arma\u00e7\u00e3o de topo<\/span><br \/>\n<\/dd><\/dl><dl class=\"gallery-item\">\n<dt class=\"gallery-icon\">\r\n<a href=\"https:\/\/www.cultivokiwis.com\/wp-content\/uploads\/2015\/11\/arm_linha.jpg\" title=\"arma\u00e7\u00e3o de linha\" rel=\"gallery1\"><img src=\"https:\/\/www.cultivokiwis.com\/wp-content\/uploads\/2015\/11\/arm_linha-150x150.jpg\" width=\"150\" height=\"150\" alt=\"arma\u00e7\u00e3o de linha\" \/><\/a>\r\n<\/dt><dd class=\"gallery-caption\" id=\"caption151\"><span class=\"imagecaption\">arma\u00e7\u00e3o de linha<\/span><br \/>\n<\/dd><\/dl><dl class=\"gallery-item\">\n<dt class=\"gallery-icon\">\r\n<a href=\"https:\/\/www.cultivokiwis.com\/wp-content\/uploads\/2015\/11\/arm_abra\u00e7adeira.jpg\" title=\"abra\u00e7adeira fixa\u00e7\u00e3o\" rel=\"gallery1\"><img src=\"https:\/\/www.cultivokiwis.com\/wp-content\/uploads\/2015\/11\/arm_abra\u00e7adeira-150x150.jpg\" width=\"150\" height=\"150\" alt=\"abra\u00e7adeira fixa\u00e7\u00e3o\" \/><\/a>\r\n<\/dt><dd class=\"gallery-caption\" id=\"caption152\"><span class=\"imagecaption\">abra\u00e7adeira fixa\u00e7\u00e3o<\/span><br \/>\n<\/dd><\/dl><dl class=\"gallery-item\">\n<dt class=\"gallery-icon\">\r\n<a href=\"https:\/\/www.cultivokiwis.com\/wp-content\/uploads\/2015\/11\/montagem-1024x713.jpg\" title=\"arma\u00e7\u00e3o vista montagem final\" rel=\"gallery1\"><img src=\"https:\/\/www.cultivokiwis.com\/wp-content\/uploads\/2015\/11\/montagem-150x150.jpg\" width=\"150\" height=\"150\" alt=\"arma\u00e7\u00e3o vista montagem final\" \/><\/a>\r\n<\/dt><dd class=\"gallery-caption\" id=\"caption146\"><span class=\"imagecaption\">arma\u00e7\u00e3o vista montagem final<\/span><br \/>\n<\/dd><\/dl><br style=\"clear: both\" \/>\r\n\t\t<\/div>\n\n<hr \/>\n<p><strong>Descarregue aqui o PDF com instru\u00e7\u00f5es de instala\u00e7\u00e3o. N\u00e3o se preocupe, n\u00e3o vamos enviar spam.<\/strong><br \/>\n[email-download download_id=&#8221;128&#8243; contact_form_id=&#8221;127&#8243;]<\/p>\n<h2>Arma\u00e7\u00e3o alternativa mais econ\u00f3mica:<\/h2>\n<p><img decoding=\"async\" loading=\"lazy\" class=\"alignnone size-full wp-image-113\" src=\"https:\/\/www.cultivokiwis.com\/wp-content\/uploads\/2015\/11\/arma\u00e7ao-kiwis-barata-1.jpg\" alt=\"arma\u00e7\u00e3o para kiwis barata \" width=\"1110\" height=\"582\" srcset=\"https:\/\/www.cultivokiwis.com\/wp-content\/uploads\/2015\/11\/arma\u00e7ao-kiwis-barata-1.jpg 1110w, https:\/\/www.cultivokiwis.com\/wp-content\/uploads\/2015\/11\/arma\u00e7ao-kiwis-barata-1-300x157.jpg 300w, https:\/\/www.cultivokiwis.com\/wp-content\/uploads\/2015\/11\/arma\u00e7ao-kiwis-barata-1-1024x537.jpg 1024w\" sizes=\"(max-width: 1110px) 100vw, 1110px\" \/><\/p>\n<p style=\"text-align: justify;\">Esta \u00e9 um\u00a0tipo de arma\u00e7\u00e3o, mais barata, para o mesmo tipo de projetos agr\u00edcolas.<\/p>\n","protected":false},"excerpt":{"rendered":"<p>A arma\u00e7\u00e3o definitiva para cultivo de kiwis, detalhes: Fabrico de\u00a0arma\u00e7\u00f5es met\u00e1licas para cultivo de kiwis, adaptadas a\u00a0projetos agr\u00edcolas\u00a0de acordo com as especifica\u00e7\u00f5es e necessidades do cliente. Estamos vocacionados para apresentar solu\u00e7\u00f5es a pequenos e grandes produtores no desenvolvimento de\u00a0agro-projetos, assim como com empresas de projetos agr\u00edcolas como por exemplo cooperativas. Fabricamos uma estrutura simples e [&hellip;]<\/p>\n","protected":false},"author":1,"featured_media":0,"parent":0,"menu_order":0,"comment_status":"closed","ping_status":"closed","template":"page-fullwidth.php","meta":[],"_links":{"self":[{"href":"https:\/\/www.cultivokiwis.com\/index.php?rest_route=\/wp\/v2\/pages\/58"}],"collection":[{"href":"https:\/\/www.cultivokiwis.com\/index.php?rest_route=\/wp\/v2\/pages"}],"about":[{"href":"https:\/\/www.cultivokiwis.com\/index.php?rest_route=\/wp\/v2\/types\/page"}],"author":[{"embeddable":true,"href":"https:\/\/www.cultivokiwis.com\/index.php?rest_route=\/wp\/v2\/users\/1"}],"replies":[{"embeddable":true,"href":"https:\/\/www.cultivokiwis.com\/index.php?rest_route=%2Fwp%2Fv2%2Fcomments&post=58"}],"version-history":[{"count":39,"href":"https:\/\/www.cultivokiwis.com\/index.php?rest_route=\/wp\/v2\/pages\/58\/revisions"}],"predecessor-version":[{"id":170,"href":"https:\/\/www.cultivokiwis.com\/index.php?rest_route=\/wp\/v2\/pages\/58\/revisions\/170"}],"wp:attachment":[{"href":"https:\/\/www.cultivokiwis.com\/index.php?rest_route=%2Fwp%2Fv2%2Fmedia&parent=58"}],"curies":[{"name":"wp","href":"https:\/\/api.w.org\/{rel}","templated":true}]}}