{"id":2,"date":"2015-11-16T17:37:06","date_gmt":"2015-11-16T17:37:06","guid":{"rendered":"https:\/\/www.cultivokiwis.com\/?page_id=2"},"modified":"2019-05-25T20:14:13","modified_gmt":"2019-05-25T20:14:13","slug":"inicio","status":"publish","type":"page","link":"https:\/\/www.cultivokiwis.com\/","title":{"rendered":"Bem-vindo"},"content":{"rendered":"<p><img decoding=\"async\" loading=\"lazy\" class=\"alignnone size-full wp-image-156\" src=\"https:\/\/www.cultivokiwis.com\/wp-content\/uploads\/2015\/11\/3.jpg\" alt=\"\" width=\"1920\" height=\"2560\" srcset=\"https:\/\/www.cultivokiwis.com\/wp-content\/uploads\/2015\/11\/3.jpg 1920w, https:\/\/www.cultivokiwis.com\/wp-content\/uploads\/2015\/11\/3-225x300.jpg 225w, https:\/\/www.cultivokiwis.com\/wp-content\/uploads\/2015\/11\/3-768x1024.jpg 768w\" sizes=\"(max-width: 1920px) 100vw, 1920px\" \/><\/p>\n<hr \/>\n<h1>A arma\u00e7\u00e3o definitiva para cultivo de kiwis.<\/h1>\n<h3 style=\"text-align: justify;\">Fabrico de <strong>arma\u00e7\u00f5es met\u00e1licas para cultivo de kiwis<\/strong>, adaptadas a <strong>projetos agr\u00edcolas<\/strong> de acordo com as especifica\u00e7\u00f5es e necessidades do cliente. Estamos vocacionados para apresentar solu\u00e7\u00f5es a pequenos e grandes produtores no desenvolvimento de agro-projetos, assim como com empresas de projetos agr\u00edcolas como por exemplo cooperativas.<\/h3>\n<h3 style=\"text-align: justify;\">Fabricamos uma estrutura simples e robusta por forma a dar <strong>sustenta\u00e7\u00e3o ao fruto<\/strong> de uma forma harmoniosa.<\/h3>\n<h3 style=\"text-align: justify;\">O <strong>acabamento em galvanizado<\/strong> permite obter uma prote\u00e7\u00e3o duradoura.<\/h3>\n<hr \/>\n","protected":false},"excerpt":{"rendered":"<p>A arma\u00e7\u00e3o definitiva para cultivo de kiwis. Fabrico de arma\u00e7\u00f5es met\u00e1licas para cultivo de kiwis, adaptadas a projetos agr\u00edcolas de acordo com as especifica\u00e7\u00f5es e necessidades do cliente. Estamos vocacionados para apresentar solu\u00e7\u00f5es a pequenos e grandes produtores no desenvolvimento de agro-projetos, assim como com empresas de projetos agr\u00edcolas como por exemplo cooperativas. Fabricamos uma [&hellip;]<\/p>\n","protected":false},"author":1,"featured_media":0,"parent":0,"menu_order":0,"comment_status":"closed","ping_status":"closed","template":"page-fullwidth.php","meta":[],"_links":{"self":[{"href":"https:\/\/www.cultivokiwis.com\/index.php?rest_route=\/wp\/v2\/pages\/2"}],"collection":[{"href":"https:\/\/www.cultivokiwis.com\/index.php?rest_route=\/wp\/v2\/pages"}],"about":[{"href":"https:\/\/www.cultivokiwis.com\/index.php?rest_route=\/wp\/v2\/types\/page"}],"author":[{"embeddable":true,"href":"https:\/\/www.cultivokiwis.com\/index.php?rest_route=\/wp\/v2\/users\/1"}],"replies":[{"embeddable":true,"href":"https:\/\/www.cultivokiwis.com\/index.php?rest_route=%2Fwp%2Fv2%2Fcomments&post=2"}],"version-history":[{"count":15,"href":"https:\/\/www.cultivokiwis.com\/index.php?rest_route=\/wp\/v2\/pages\/2\/revisions"}],"predecessor-version":[{"id":179,"href":"https:\/\/www.cultivokiwis.com\/index.php?rest_route=\/wp\/v2\/pages\/2\/revisions\/179"}],"wp:attachment":[{"href":"https:\/\/www.cultivokiwis.com\/index.php?rest_route=%2Fwp%2Fv2%2Fmedia&parent=2"}],"curies":[{"name":"wp","href":"https:\/\/api.w.org\/{rel}","templated":true}]}}